{"id":4589,"date":"2024-02-08T11:38:52","date_gmt":"2024-02-08T14:38:52","guid":{"rendered":"https:\/\/laer.com.br\/?page_id=4589"},"modified":"2024-02-09T11:33:16","modified_gmt":"2024-02-09T14:33:16","slug":"codigo-de-etica","status":"publish","type":"page","link":"https:\/\/laer.com.br\/en\/codigo-de-etica\/","title":{"rendered":"Ethical Code"},"content":{"rendered":"<div data-elementor-type=\"wp-page\" data-elementor-id=\"4589\" class=\"elementor elementor-4589\">\n\t\t\t\t\t\t<section class=\"elementor-section elementor-top-section elementor-element elementor-element-6c5dad7 elementor-section-boxed elementor-section-height-default elementor-section-height-default\" data-id=\"6c5dad7\" data-element_type=\"section\">\n\t\t\t\t\t\t<div class=\"elementor-container elementor-column-gap-default\">\n\t\t\t\t\t<div class=\"elementor-column elementor-col-100 elementor-top-column elementor-element elementor-element-939e795\" data-id=\"939e795\" data-element_type=\"column\">\n\t\t\t<div class=\"elementor-widget-wrap elementor-element-populated\">\n\t\t\t\t\t\t<div class=\"elementor-element elementor-element-4facac8 elementor-widget elementor-widget-heading\" data-id=\"4facac8\" data-element_type=\"widget\" data-widget_type=\"heading.default\">\n\t\t\t\t<div class=\"elementor-widget-container\">\n\t\t\t\t\t<h3 class=\"elementor-heading-title elementor-size-default\">PURPOSE OF THE CODE OF ETHICS<\/h3>\t\t\t\t<\/div>\n\t\t\t\t<\/div>\n\t\t\t\t<div class=\"elementor-element elementor-element-6a5162a elementor-widget elementor-widget-text-editor\" data-id=\"6a5162a\" data-element_type=\"widget\" data-widget_type=\"text-editor.default\">\n\t\t\t\t<div class=\"elementor-widget-container\">\n\t\t\t\t\t\t\t\t\t<p>The purpose of this Code is to make public and transparent the ethical principles and standards of conduct that should govern the internal and external relations of all members of the Laer Engenharia Group, regardless of their duties, hierarchical level, or responsibilities.<\/p><p>Based on the concepts and values of the Laer Engenharia Group, this Code of Ethics and Conduct also serves as a guideline and reference for all those to whom it applies, aiming to enhance collaborative management with respect and integrity in both the company's external and internal spheres.<\/p><p>It further seeks to raise awareness among its public to prevent behaviors and activities that could jeopardize the company's image and reputation, ensuring that all actions are aligned with the principles set forth here.<\/p>\t\t\t\t\t\t\t\t<\/div>\n\t\t\t\t<\/div>\n\t\t\t\t<div class=\"elementor-element elementor-element-aa3a04b elementor-align-center elementor-widget elementor-widget-button\" data-id=\"aa3a04b\" data-element_type=\"widget\" data-widget_type=\"button.default\">\n\t\t\t\t<div class=\"elementor-widget-container\">\n\t\t\t\t\t\t\t\t\t<div class=\"elementor-button-wrapper\">\n\t\t\t\t\t<a class=\"elementor-button elementor-button-link elementor-size-sm\" href=\"https:\/\/laer.com.br\/wp-content\/uploads\/2024\/11\/Code-of-Ethics-and-Conduct-Laer-Engenharia.pdf\">\n\t\t\t\t\t\t<span class=\"elementor-button-content-wrapper\">\n\t\t\t\t\t\t\t\t\t<span class=\"elementor-button-text\">Read our Code of Ethics<\/span>\n\t\t\t\t\t<\/span>\n\t\t\t\t\t<\/a>\n\t\t\t\t<\/div>\n\t\t\t\t\t\t\t\t<\/div>\n\t\t\t\t<\/div>\n\t\t\t\t\t<\/div>\n\t\t<\/div>\n\t\t\t\t\t<\/div>\n\t\t<\/section>\n\t\t\t\t<\/div>","protected":false},"excerpt":{"rendered":"<p>OBJETIVO DO C\u00d3DIGO DE \u00c9TICA O C\u00f3digo tem por objetivo tornar p\u00fablico e transparentes os princ\u00edpios \u00e9ticos e normas de conduta que devem reger as rela\u00e7\u00f5es internas e externas de todos os Integrantes do grupo Laer Engenharia, independentemente das suas atribui\u00e7\u00f5es, n\u00edvel hier\u00e1rquico e responsabilidades. Com base nos conceitos e valores do grupo Laer Engenharia, &hellip;<\/p>\n<p class=\"read-more\"> <a class=\"\" href=\"https:\/\/laer.com.br\/en\/codigo-de-etica\/\"> <span class=\"screen-reader-text\">Ethical Code<\/span> Read More &raquo;<\/a><\/p>","protected":false},"author":1,"featured_media":0,"parent":0,"menu_order":0,"comment_status":"closed","ping_status":"closed","template":"","meta":{"_acf_changed":false,"site-sidebar-layout":"no-sidebar","site-content-layout":"page-builder","ast-global-header-display":"","ast-main-header-display":"","ast-hfb-above-header-display":"","ast-hfb-below-header-display":"","ast-hfb-mobile-header-display":"","site-post-title":"disabled","ast-breadcrumbs-content":"","ast-featured-img":"disabled","footer-sml-layout":"","theme-transparent-header-meta":"","adv-header-id-meta":"","stick-header-meta":"","header-above-stick-meta":"","header-main-stick-meta":"","header-below-stick-meta":"","footnotes":""},"class_list":["post-4589","page","type-page","status-publish","hentry"],"acf":[],"yoast_head":"<!-- This site is optimized with the Yoast SEO plugin v27.2 - https:\/\/yoast.com\/product\/yoast-seo-wordpress\/ -->\n<title>C\u00f3digo de \u00c9tica - Laer<\/title>\n<meta name=\"description\" content=\"O C\u00f3digo tem por objetivo tornar p\u00fablico e transparentes os princ\u00edpios \u00e9ticos e normas de conduta que devem reger as rela\u00e7\u00f5es internas e externas de todos os Integrantes do grupo Laer Engenharia, independentemente das suas atribui\u00e7\u00f5es, n\u00edvel hier\u00e1rquico e responsabilidades.\" \/>\n<meta name=\"robots\" content=\"index, follow, max-snippet:-1, max-image-preview:large, max-video-preview:-1\" \/>\n<link rel=\"canonical\" href=\"https:\/\/laer.com.br\/en\/codigo-de-etica\/\" \/>\n<meta property=\"og:locale\" content=\"en_US\" \/>\n<meta property=\"og:type\" content=\"article\" \/>\n<meta property=\"og:title\" content=\"Laer - C\u00f3digo de \u00c9tica\" \/>\n<meta property=\"og:description\" content=\"O C\u00f3digo tem por objetivo tornar p\u00fablico e transparentes os princ\u00edpios \u00e9ticos e normas de conduta que devem reger as rela\u00e7\u00f5es internas e externas de todos os Integrantes do grupo Laer Engenharia, independentemente das suas atribui\u00e7\u00f5es, n\u00edvel hier\u00e1rquico e responsabilidades.\" \/>\n<meta property=\"og:url\" content=\"https:\/\/laer.com.br\/en\/codigo-de-etica\/\" \/>\n<meta property=\"og:site_name\" content=\"Laer\" \/>\n<meta property=\"article:publisher\" content=\"https:\/\/www.facebook.com\/laer.engenharia\/\" \/>\n<meta property=\"article:modified_time\" content=\"2024-02-09T14:33:16+00:00\" \/>\n<meta property=\"og:image\" content=\"https:\/\/laer.com.br\/wp-content\/uploads\/2022\/12\/laer-logo-1.png\" \/>\n\t<meta property=\"og:image:width\" content=\"842\" \/>\n\t<meta property=\"og:image:height\" content=\"595\" \/>\n\t<meta property=\"og:image:type\" content=\"image\/png\" \/>\n<meta name=\"twitter:card\" content=\"summary_large_image\" \/>\n<meta name=\"twitter:label1\" content=\"Est. reading time\" \/>\n\t<meta name=\"twitter:data1\" content=\"1 minute\" \/>\n<script type=\"application\/ld+json\" class=\"yoast-schema-graph\">{\"@context\":\"https:\/\/schema.org\",\"@graph\":[{\"@type\":\"WebPage\",\"@id\":\"https:\/\/laer.com.br\/codigo-de-etica\/\",\"url\":\"https:\/\/laer.com.br\/codigo-de-etica\/\",\"name\":\"C\u00f3digo de \u00c9tica - Laer\",\"isPartOf\":{\"@id\":\"https:\/\/laer.com.br\/#website\"},\"datePublished\":\"2024-02-08T14:38:52+00:00\",\"dateModified\":\"2024-02-09T14:33:16+00:00\",\"description\":\"O C\u00f3digo tem por objetivo tornar p\u00fablico e transparentes os princ\u00edpios \u00e9ticos e normas de conduta que devem reger as rela\u00e7\u00f5es internas e externas de todos os Integrantes do grupo Laer Engenharia, independentemente das suas atribui\u00e7\u00f5es, n\u00edvel hier\u00e1rquico e responsabilidades.\",\"breadcrumb\":{\"@id\":\"https:\/\/laer.com.br\/codigo-de-etica\/#breadcrumb\"},\"inLanguage\":\"en-US\",\"potentialAction\":[{\"@type\":\"ReadAction\",\"target\":[\"https:\/\/laer.com.br\/codigo-de-etica\/\"]}]},{\"@type\":\"BreadcrumbList\",\"@id\":\"https:\/\/laer.com.br\/codigo-de-etica\/#breadcrumb\",\"itemListElement\":[{\"@type\":\"ListItem\",\"position\":1,\"name\":\"In\u00edcio\",\"item\":\"https:\/\/laer.com.br\/\"},{\"@type\":\"ListItem\",\"position\":2,\"name\":\"C\u00f3digo de \u00c9tica\"}]},{\"@type\":\"WebSite\",\"@id\":\"https:\/\/laer.com.br\/#website\",\"url\":\"https:\/\/laer.com.br\/\",\"name\":\"Laer\",\"description\":\"Realizar sonhos construindo com excel\u00eancia.\",\"publisher\":{\"@id\":\"https:\/\/laer.com.br\/#organization\"},\"potentialAction\":[{\"@type\":\"SearchAction\",\"target\":{\"@type\":\"EntryPoint\",\"urlTemplate\":\"https:\/\/laer.com.br\/?s={search_term_string}\"},\"query-input\":{\"@type\":\"PropertyValueSpecification\",\"valueRequired\":true,\"valueName\":\"search_term_string\"}}],\"inLanguage\":\"en-US\"},{\"@type\":\"Organization\",\"@id\":\"https:\/\/laer.com.br\/#organization\",\"name\":\"Laer\",\"url\":\"https:\/\/laer.com.br\/\",\"logo\":{\"@type\":\"ImageObject\",\"inLanguage\":\"en-US\",\"@id\":\"https:\/\/laer.com.br\/#\/schema\/logo\/image\/\",\"url\":\"https:\/\/laer.com.br\/wp-content\/uploads\/2022\/12\/laer-logo-preta.png\",\"contentUrl\":\"https:\/\/laer.com.br\/wp-content\/uploads\/2022\/12\/laer-logo-preta.png\",\"width\":165,\"height\":34,\"caption\":\"Laer\"},\"image\":{\"@id\":\"https:\/\/laer.com.br\/#\/schema\/logo\/image\/\"},\"sameAs\":[\"https:\/\/www.facebook.com\/laer.engenharia\/\",\"https:\/\/www.linkedin.com\/company\/laer-engenharia-ltda\/\",\"https:\/\/www.instagram.com\/laerengenharia\/\"]}]}<\/script>\n<!-- \/ Yoast SEO plugin. -->","yoast_head_json":{"title":"C\u00f3digo de \u00c9tica - Laer","description":"The purpose of this Code is to make public and transparent the ethical principles and standards of conduct that should govern the internal and external relations of all members of the Laer Engenharia Group, regardless of their duties, hierarchical level, or responsibilities.","robots":{"index":"index","follow":"follow","max-snippet":"max-snippet:-1","max-image-preview":"max-image-preview:large","max-video-preview":"max-video-preview:-1"},"canonical":"https:\/\/laer.com.br\/en\/codigo-de-etica\/","og_locale":"en_US","og_type":"article","og_title":"Laer - C\u00f3digo de \u00c9tica","og_description":"O C\u00f3digo tem por objetivo tornar p\u00fablico e transparentes os princ\u00edpios \u00e9ticos e normas de conduta que devem reger as rela\u00e7\u00f5es internas e externas de todos os Integrantes do grupo Laer Engenharia, independentemente das suas atribui\u00e7\u00f5es, n\u00edvel hier\u00e1rquico e responsabilidades.","og_url":"https:\/\/laer.com.br\/en\/codigo-de-etica\/","og_site_name":"Laer","article_publisher":"https:\/\/www.facebook.com\/laer.engenharia\/","article_modified_time":"2024-02-09T14:33:16+00:00","og_image":[{"width":842,"height":595,"url":"https:\/\/laer.com.br\/wp-content\/uploads\/2022\/12\/laer-logo-1.png","type":"image\/png"}],"twitter_card":"summary_large_image","twitter_misc":{"Est. reading time":"1 minute"},"schema":{"@context":"https:\/\/schema.org","@graph":[{"@type":"WebPage","@id":"https:\/\/laer.com.br\/codigo-de-etica\/","url":"https:\/\/laer.com.br\/codigo-de-etica\/","name":"C\u00f3digo de \u00c9tica - Laer","isPartOf":{"@id":"https:\/\/laer.com.br\/#website"},"datePublished":"2024-02-08T14:38:52+00:00","dateModified":"2024-02-09T14:33:16+00:00","description":"The purpose of this Code is to make public and transparent the ethical principles and standards of conduct that should govern the internal and external relations of all members of the Laer Engenharia Group, regardless of their duties, hierarchical level, or responsibilities.","breadcrumb":{"@id":"https:\/\/laer.com.br\/codigo-de-etica\/#breadcrumb"},"inLanguage":"en-US","potentialAction":[{"@type":"ReadAction","target":["https:\/\/laer.com.br\/codigo-de-etica\/"]}]},{"@type":"BreadcrumbList","@id":"https:\/\/laer.com.br\/codigo-de-etica\/#breadcrumb","itemListElement":[{"@type":"ListItem","position":1,"name":"In\u00edcio","item":"https:\/\/laer.com.br\/"},{"@type":"ListItem","position":2,"name":"C\u00f3digo de \u00c9tica"}]},{"@type":"WebSite","@id":"https:\/\/laer.com.br\/#website","url":"https:\/\/laer.com.br\/","name":"Laer","description":"Realizar sonhos construindo com excel\u00eancia.","publisher":{"@id":"https:\/\/laer.com.br\/#organization"},"potentialAction":[{"@type":"SearchAction","target":{"@type":"EntryPoint","urlTemplate":"https:\/\/laer.com.br\/?s={search_term_string}"},"query-input":{"@type":"PropertyValueSpecification","valueRequired":true,"valueName":"search_term_string"}}],"inLanguage":"en-US"},{"@type":"Organization","@id":"https:\/\/laer.com.br\/#organization","name":"Laer","url":"https:\/\/laer.com.br\/","logo":{"@type":"ImageObject","inLanguage":"en-US","@id":"https:\/\/laer.com.br\/#\/schema\/logo\/image\/","url":"https:\/\/laer.com.br\/wp-content\/uploads\/2022\/12\/laer-logo-preta.png","contentUrl":"https:\/\/laer.com.br\/wp-content\/uploads\/2022\/12\/laer-logo-preta.png","width":165,"height":34,"caption":"Laer"},"image":{"@id":"https:\/\/laer.com.br\/#\/schema\/logo\/image\/"},"sameAs":["https:\/\/www.facebook.com\/laer.engenharia\/","https:\/\/www.linkedin.com\/company\/laer-engenharia-ltda\/","https:\/\/www.instagram.com\/laerengenharia\/"]}]}},"rttpg_featured_image_url":null,"rttpg_author":{"display_name":"laer","author_link":"https:\/\/laer.com.br\/en\/author\/laer\/"},"rttpg_comment":0,"rttpg_category":null,"rttpg_excerpt":"OBJETIVO DO C\u00d3DIGO DE \u00c9TICA O C\u00f3digo tem por objetivo tornar p\u00fablico e transparentes os princ\u00edpios \u00e9ticos e normas de conduta que devem reger as rela\u00e7\u00f5es internas e externas de todos os Integrantes do grupo Laer Engenharia, independentemente das suas atribui\u00e7\u00f5es, n\u00edvel hier\u00e1rquico e responsabilidades. Com base nos conceitos e valores do grupo Laer Engenharia,&hellip;","_links":{"self":[{"href":"https:\/\/laer.com.br\/en\/wp-json\/wp\/v2\/pages\/4589","targetHints":{"allow":["GET"]}}],"collection":[{"href":"https:\/\/laer.com.br\/en\/wp-json\/wp\/v2\/pages"}],"about":[{"href":"https:\/\/laer.com.br\/en\/wp-json\/wp\/v2\/types\/page"}],"author":[{"embeddable":true,"href":"https:\/\/laer.com.br\/en\/wp-json\/wp\/v2\/users\/1"}],"replies":[{"embeddable":true,"href":"https:\/\/laer.com.br\/en\/wp-json\/wp\/v2\/comments?post=4589"}],"version-history":[{"count":20,"href":"https:\/\/laer.com.br\/en\/wp-json\/wp\/v2\/pages\/4589\/revisions"}],"predecessor-version":[{"id":4621,"href":"https:\/\/laer.com.br\/en\/wp-json\/wp\/v2\/pages\/4589\/revisions\/4621"}],"wp:attachment":[{"href":"https:\/\/laer.com.br\/en\/wp-json\/wp\/v2\/media?parent=4589"}],"curies":[{"name":"wp","href":"https:\/\/api.w.org\/{rel}","templated":true}]}}