{"id":20,"date":"2022-12-05T14:06:11","date_gmt":"2022-12-05T17:06:11","guid":{"rendered":"https:\/\/laer.com.br\/?page_id=20"},"modified":"2022-12-08T15:57:51","modified_gmt":"2022-12-08T18:57:51","slug":"arquitetos","status":"publish","type":"page","link":"https:\/\/laer.com.br\/en\/arquitetos\/","title":{"rendered":"Architects"},"content":{"rendered":"<div data-elementor-type=\"wp-page\" data-elementor-id=\"20\" class=\"elementor elementor-20\">\n\t\t\t\t\t\t<section class=\"elementor-section elementor-top-section elementor-element elementor-element-413e5d3b elementor-section-boxed elementor-section-height-default elementor-section-height-default\" data-id=\"413e5d3b\" data-element_type=\"section\">\n\t\t\t\t\t\t<div class=\"elementor-container elementor-column-gap-default\">\n\t\t\t\t\t<div class=\"elementor-column elementor-col-50 elementor-top-column elementor-element elementor-element-6feab10e\" data-id=\"6feab10e\" data-element_type=\"column\">\n\t\t\t<div class=\"elementor-widget-wrap elementor-element-populated\">\n\t\t\t\t\t\t<div class=\"elementor-element elementor-element-6e19cfc5 elementor-widget elementor-widget-heading\" data-id=\"6e19cfc5\" data-element_type=\"widget\" data-widget_type=\"heading.default\">\n\t\t\t\t<div class=\"elementor-widget-container\">\n\t\t\t\t\t<h2 class=\"elementor-heading-title elementor-size-default\">Architects<\/h2>\t\t\t\t<\/div>\n\t\t\t\t<\/div>\n\t\t\t\t\t<\/div>\n\t\t<\/div>\n\t\t\t\t<div class=\"elementor-column elementor-col-50 elementor-top-column elementor-element elementor-element-35ea9d80\" data-id=\"35ea9d80\" data-element_type=\"column\">\n\t\t\t<div class=\"elementor-widget-wrap elementor-element-populated\">\n\t\t\t\t\t\t<div class=\"elementor-element elementor-element-73cb4bae elementor-widget-divider--view-line elementor-widget elementor-widget-divider\" data-id=\"73cb4bae\" data-element_type=\"widget\" data-widget_type=\"divider.default\">\n\t\t\t\t<div class=\"elementor-widget-container\">\n\t\t\t\t\t\t\t<div class=\"elementor-divider\">\n\t\t\t<span class=\"elementor-divider-separator\">\n\t\t\t\t\t\t<\/span>\n\t\t<\/div>\n\t\t\t\t\t\t<\/div>\n\t\t\t\t<\/div>\n\t\t\t\t\t<\/div>\n\t\t<\/div>\n\t\t\t\t\t<\/div>\n\t\t<\/section>\n\t\t\t\t<section class=\"elementor-section elementor-top-section elementor-element elementor-element-8b6e2ee elementor-section-boxed elementor-section-height-default elementor-section-height-default\" data-id=\"8b6e2ee\" data-element_type=\"section\">\n\t\t\t\t\t\t<div class=\"elementor-container elementor-column-gap-default\">\n\t\t\t\t\t<div class=\"elementor-column elementor-col-50 elementor-top-column elementor-element elementor-element-839c860\" data-id=\"839c860\" data-element_type=\"column\">\n\t\t\t<div class=\"elementor-widget-wrap elementor-element-populated\">\n\t\t\t\t\t\t<div class=\"elementor-element elementor-element-04019d8 elementor-widget elementor-widget-text-editor\" data-id=\"04019d8\" data-element_type=\"widget\" data-widget_type=\"text-editor.default\">\n\t\t\t\t<div class=\"elementor-widget-container\">\n\t\t\t\t\t\t\t\t\tConstru\u00edmos projetos residenciais e comercias concebidos pelos maiores nomes da arquitetura do pa\u00eds. O trabalho envolve uma rela\u00e7\u00e3o de confian\u00e7a e parceria que possibilta projetos ousados, sofisticados e de excel\u00eancia.\t\t\t\t\t\t\t\t<\/div>\n\t\t\t\t<\/div>\n\t\t\t\t\t<\/div>\n\t\t<\/div>\n\t\t\t\t<div class=\"elementor-column elementor-col-50 elementor-top-column elementor-element elementor-element-89739c8\" data-id=\"89739c8\" data-element_type=\"column\">\n\t\t\t<div class=\"elementor-widget-wrap\">\n\t\t\t\t\t\t\t<\/div>\n\t\t<\/div>\n\t\t\t\t\t<\/div>\n\t\t<\/section>\n\t\t\t\t<section class=\"elementor-section elementor-top-section elementor-element elementor-element-cfe67d8 elementor-section-boxed elementor-section-height-default elementor-section-height-default\" data-id=\"cfe67d8\" data-element_type=\"section\">\n\t\t\t\t\t\t<div class=\"elementor-container elementor-column-gap-default\">\n\t\t\t\t\t<div class=\"elementor-column elementor-col-100 elementor-top-column elementor-element elementor-element-3f71610\" data-id=\"3f71610\" data-element_type=\"column\">\n\t\t\t<div class=\"elementor-widget-wrap elementor-element-populated\">\n\t\t\t\t\t\t\t<\/div>\n\t\t<\/div>\n\t\t\t\t\t<\/div>\n\t\t<\/section>\n\t\t\t\t<\/div>","protected":false},"excerpt":{"rendered":"<p>Arquitetos Constru\u00edmos projetos residenciais e comercias concebidos pelos maiores nomes da arquitetura do pa\u00eds. O trabalho envolve uma rela\u00e7\u00e3o de confian\u00e7a e parceria que possibilta projetos ousados, sofisticados e de excel\u00eancia.<\/p>","protected":false},"author":1,"featured_media":0,"parent":0,"menu_order":0,"comment_status":"closed","ping_status":"closed","template":"","meta":{"_acf_changed":false,"site-sidebar-layout":"no-sidebar","site-content-layout":"page-builder","ast-global-header-display":"","ast-main-header-display":"","ast-hfb-above-header-display":"","ast-hfb-below-header-display":"","ast-hfb-mobile-header-display":"","site-post-title":"disabled","ast-breadcrumbs-content":"","ast-featured-img":"disabled","footer-sml-layout":"","theme-transparent-header-meta":"","adv-header-id-meta":"","stick-header-meta":"","header-above-stick-meta":"","header-main-stick-meta":"","header-below-stick-meta":"","footnotes":""},"class_list":["post-20","page","type-page","status-publish","hentry"],"acf":[],"yoast_head":"<!-- This site is optimized with the Yoast SEO plugin v27.2 - https:\/\/yoast.com\/product\/yoast-seo-wordpress\/ -->\n<title>Arquitetos - Laer<\/title>\n<meta name=\"robots\" content=\"index, follow, max-snippet:-1, max-image-preview:large, max-video-preview:-1\" \/>\n<link rel=\"canonical\" href=\"https:\/\/laer.com.br\/en\/arquitetos\/\" \/>\n<meta property=\"og:locale\" content=\"en_US\" \/>\n<meta property=\"og:type\" content=\"article\" \/>\n<meta property=\"og:title\" content=\"Arquitetos - Laer\" \/>\n<meta property=\"og:description\" content=\"Arquitetos Constru\u00edmos projetos residenciais e comercias concebidos pelos maiores nomes da arquitetura do pa\u00eds. O trabalho envolve uma rela\u00e7\u00e3o de confian\u00e7a e parceria que possibilta projetos ousados, sofisticados e de excel\u00eancia.\" \/>\n<meta property=\"og:url\" content=\"https:\/\/laer.com.br\/en\/arquitetos\/\" \/>\n<meta property=\"og:site_name\" content=\"Laer\" \/>\n<meta property=\"article:publisher\" content=\"https:\/\/www.facebook.com\/laer.engenharia\/\" \/>\n<meta property=\"article:modified_time\" content=\"2022-12-08T18:57:51+00:00\" \/>\n<meta property=\"og:image\" content=\"https:\/\/laer.com.br\/wp-content\/uploads\/2022\/12\/laer-logo-1.png\" \/>\n\t<meta property=\"og:image:width\" content=\"842\" \/>\n\t<meta property=\"og:image:height\" content=\"595\" \/>\n\t<meta property=\"og:image:type\" content=\"image\/png\" \/>\n<meta name=\"twitter:card\" content=\"summary_large_image\" \/>\n<script type=\"application\/ld+json\" class=\"yoast-schema-graph\">{\"@context\":\"https:\/\/schema.org\",\"@graph\":[{\"@type\":\"WebPage\",\"@id\":\"https:\/\/laer.com.br\/arquitetos\/\",\"url\":\"https:\/\/laer.com.br\/arquitetos\/\",\"name\":\"Arquitetos - Laer\",\"isPartOf\":{\"@id\":\"https:\/\/laer.com.br\/#website\"},\"datePublished\":\"2022-12-05T17:06:11+00:00\",\"dateModified\":\"2022-12-08T18:57:51+00:00\",\"breadcrumb\":{\"@id\":\"https:\/\/laer.com.br\/arquitetos\/#breadcrumb\"},\"inLanguage\":\"en-US\",\"potentialAction\":[{\"@type\":\"ReadAction\",\"target\":[\"https:\/\/laer.com.br\/arquitetos\/\"]}]},{\"@type\":\"BreadcrumbList\",\"@id\":\"https:\/\/laer.com.br\/arquitetos\/#breadcrumb\",\"itemListElement\":[{\"@type\":\"ListItem\",\"position\":1,\"name\":\"In\u00edcio\",\"item\":\"https:\/\/laer.com.br\/\"},{\"@type\":\"ListItem\",\"position\":2,\"name\":\"Arquitetos\"}]},{\"@type\":\"WebSite\",\"@id\":\"https:\/\/laer.com.br\/#website\",\"url\":\"https:\/\/laer.com.br\/\",\"name\":\"Laer\",\"description\":\"Realizar sonhos construindo com excel\u00eancia.\",\"publisher\":{\"@id\":\"https:\/\/laer.com.br\/#organization\"},\"potentialAction\":[{\"@type\":\"SearchAction\",\"target\":{\"@type\":\"EntryPoint\",\"urlTemplate\":\"https:\/\/laer.com.br\/?s={search_term_string}\"},\"query-input\":{\"@type\":\"PropertyValueSpecification\",\"valueRequired\":true,\"valueName\":\"search_term_string\"}}],\"inLanguage\":\"en-US\"},{\"@type\":\"Organization\",\"@id\":\"https:\/\/laer.com.br\/#organization\",\"name\":\"Laer\",\"url\":\"https:\/\/laer.com.br\/\",\"logo\":{\"@type\":\"ImageObject\",\"inLanguage\":\"en-US\",\"@id\":\"https:\/\/laer.com.br\/#\/schema\/logo\/image\/\",\"url\":\"https:\/\/laer.com.br\/wp-content\/uploads\/2022\/12\/laer-logo-preta.png\",\"contentUrl\":\"https:\/\/laer.com.br\/wp-content\/uploads\/2022\/12\/laer-logo-preta.png\",\"width\":165,\"height\":34,\"caption\":\"Laer\"},\"image\":{\"@id\":\"https:\/\/laer.com.br\/#\/schema\/logo\/image\/\"},\"sameAs\":[\"https:\/\/www.facebook.com\/laer.engenharia\/\",\"https:\/\/www.linkedin.com\/company\/laer-engenharia-ltda\/\",\"https:\/\/www.instagram.com\/laerengenharia\/\"]}]}<\/script>\n<!-- \/ Yoast SEO plugin. -->","yoast_head_json":{"title":"Arquitetos - Laer","robots":{"index":"index","follow":"follow","max-snippet":"max-snippet:-1","max-image-preview":"max-image-preview:large","max-video-preview":"max-video-preview:-1"},"canonical":"https:\/\/laer.com.br\/en\/arquitetos\/","og_locale":"en_US","og_type":"article","og_title":"Arquitetos - Laer","og_description":"Arquitetos Constru\u00edmos projetos residenciais e comercias concebidos pelos maiores nomes da arquitetura do pa\u00eds. O trabalho envolve uma rela\u00e7\u00e3o de confian\u00e7a e parceria que possibilta projetos ousados, sofisticados e de excel\u00eancia.","og_url":"https:\/\/laer.com.br\/en\/arquitetos\/","og_site_name":"Laer","article_publisher":"https:\/\/www.facebook.com\/laer.engenharia\/","article_modified_time":"2022-12-08T18:57:51+00:00","og_image":[{"width":842,"height":595,"url":"https:\/\/laer.com.br\/wp-content\/uploads\/2022\/12\/laer-logo-1.png","type":"image\/png"}],"twitter_card":"summary_large_image","schema":{"@context":"https:\/\/schema.org","@graph":[{"@type":"WebPage","@id":"https:\/\/laer.com.br\/arquitetos\/","url":"https:\/\/laer.com.br\/arquitetos\/","name":"Arquitetos - Laer","isPartOf":{"@id":"https:\/\/laer.com.br\/#website"},"datePublished":"2022-12-05T17:06:11+00:00","dateModified":"2022-12-08T18:57:51+00:00","breadcrumb":{"@id":"https:\/\/laer.com.br\/arquitetos\/#breadcrumb"},"inLanguage":"en-US","potentialAction":[{"@type":"ReadAction","target":["https:\/\/laer.com.br\/arquitetos\/"]}]},{"@type":"BreadcrumbList","@id":"https:\/\/laer.com.br\/arquitetos\/#breadcrumb","itemListElement":[{"@type":"ListItem","position":1,"name":"In\u00edcio","item":"https:\/\/laer.com.br\/"},{"@type":"ListItem","position":2,"name":"Arquitetos"}]},{"@type":"WebSite","@id":"https:\/\/laer.com.br\/#website","url":"https:\/\/laer.com.br\/","name":"Laer","description":"Realizar sonhos construindo com excel\u00eancia.","publisher":{"@id":"https:\/\/laer.com.br\/#organization"},"potentialAction":[{"@type":"SearchAction","target":{"@type":"EntryPoint","urlTemplate":"https:\/\/laer.com.br\/?s={search_term_string}"},"query-input":{"@type":"PropertyValueSpecification","valueRequired":true,"valueName":"search_term_string"}}],"inLanguage":"en-US"},{"@type":"Organization","@id":"https:\/\/laer.com.br\/#organization","name":"Laer","url":"https:\/\/laer.com.br\/","logo":{"@type":"ImageObject","inLanguage":"en-US","@id":"https:\/\/laer.com.br\/#\/schema\/logo\/image\/","url":"https:\/\/laer.com.br\/wp-content\/uploads\/2022\/12\/laer-logo-preta.png","contentUrl":"https:\/\/laer.com.br\/wp-content\/uploads\/2022\/12\/laer-logo-preta.png","width":165,"height":34,"caption":"Laer"},"image":{"@id":"https:\/\/laer.com.br\/#\/schema\/logo\/image\/"},"sameAs":["https:\/\/www.facebook.com\/laer.engenharia\/","https:\/\/www.linkedin.com\/company\/laer-engenharia-ltda\/","https:\/\/www.instagram.com\/laerengenharia\/"]}]}},"rttpg_featured_image_url":null,"rttpg_author":{"display_name":"laer","author_link":"https:\/\/laer.com.br\/en\/author\/laer\/"},"rttpg_comment":0,"rttpg_category":null,"rttpg_excerpt":"Arquitetos Constru\u00edmos projetos residenciais e comercias concebidos pelos maiores nomes da arquitetura do pa\u00eds. O trabalho envolve uma rela\u00e7\u00e3o de confian\u00e7a e parceria que possibilta projetos ousados, sofisticados e de excel\u00eancia.","_links":{"self":[{"href":"https:\/\/laer.com.br\/en\/wp-json\/wp\/v2\/pages\/20","targetHints":{"allow":["GET"]}}],"collection":[{"href":"https:\/\/laer.com.br\/en\/wp-json\/wp\/v2\/pages"}],"about":[{"href":"https:\/\/laer.com.br\/en\/wp-json\/wp\/v2\/types\/page"}],"author":[{"embeddable":true,"href":"https:\/\/laer.com.br\/en\/wp-json\/wp\/v2\/users\/1"}],"replies":[{"embeddable":true,"href":"https:\/\/laer.com.br\/en\/wp-json\/wp\/v2\/comments?post=20"}],"version-history":[{"count":25,"href":"https:\/\/laer.com.br\/en\/wp-json\/wp\/v2\/pages\/20\/revisions"}],"predecessor-version":[{"id":551,"href":"https:\/\/laer.com.br\/en\/wp-json\/wp\/v2\/pages\/20\/revisions\/551"}],"wp:attachment":[{"href":"https:\/\/laer.com.br\/en\/wp-json\/wp\/v2\/media?parent=20"}],"curies":[{"name":"wp","href":"https:\/\/api.w.org\/{rel}","templated":true}]}}